

{"id":126,"date":"2021-03-02T11:06:27","date_gmt":"2021-03-02T10:06:27","guid":{"rendered":"https:\/\/www.vanner.pl\/pl\/?page_id=126"},"modified":"2026-01-13T11:09:13","modified_gmt":"2026-01-13T10:09:13","slug":"wynajem-pracownikow","status":"publish","type":"page","link":"https:\/\/www.vanner.pl\/pl\/wynajem-pracownikow\/","title":{"rendered":"Wynajem pracownik\u00f3w"},"content":{"rendered":"\n<div class=\"wp-block-media-text alignwide is-stacked-on-mobile copyfrom-leasing-zalety has-gutenberg-bg-background-color has-background\"><figure class=\"wp-block-media-text__media\"><img decoding=\"async\" src=\"https:\/\/www.vanner.pl\/pl\/wp-content\/uploads\/2021\/05\/leasing-figure.jpg\" alt=\"\" class=\"wp-image-347 size-full\"\/><\/figure><div class=\"wp-block-media-text__content\">\n<h4 class=\"wp-block-heading\">O WYNAJMIE PRACOWNICZYM, CZYLI LEASINGU, POWSTA\u0141O WIELE MIT\u00d3W, A TO FAKTY<\/h4>\n\n\n\n<h2 class=\"wp-block-heading\">Zalety wynajmu pracownik\u00f3w<\/h2>\n\n\n\n<ul class=\"wp-block-list\">\n<li><strong>Wygoda<\/strong> \u2013 wynajem pracownik\u00f3w to nowoczesny spos\u00f3b zatrudniania, kt\u00f3ry pozwala szybko uzupe\u0142ni\u0107 braki kadrowe przy ograniczeniu koszt\u00f3w. Szczeg\u00f3lnie w przypadku, gdy biznes ma charakter sezonowy lub zatrudnienie uzale\u017cnione jest od ilo\u015bci projekt\u00f3w.<\/li>\n\n\n\n<li><strong>Elastyczno\u015b\u0107<\/strong> \u2013 ostatnie lata pokazuj\u0105, \u017ce na spadek lub wzrost produkcji mo\u017ce z\u0142o\u017cy\u0107 si\u0119 wiele czynnik\u00f3w jak np. epidemie, wojny czy katastrofy naturalne, kt\u00f3re maj\u0105 prze\u0142o\u017cenie na \u0142a\u0144uchy dostaw czy wybory konsument\u00f3w. Wsp\u00f3\u0142pracuj\u0105c z agencj\u0105 pracy wielko\u015b\u0107 zatrudnienia mo\u017cemy modelowa\u0107 na bie\u017c\u0105co, co prze\u0142o\u017cy si\u0119 na ograniczenie koszt\u00f3w zwi\u0105zanych z zatrudnieniem lub zwalnianiem pracownik\u00f3w.<\/li>\n\n\n\n<li><strong>Oszcz\u0119dno\u015b\u0107 czasu i pieni\u0119dzy<\/strong> &#8211; pracodawca korzystaj\u0105cy z wynajmu (leasingu) pracowniczego nie musi samodzielnie przeprowadza\u0107 procesu rekrutacji i selekcji pracownik\u00f3w. To agencja bierze na siebie ca\u0142y proces wraz z dope\u0142nieniem wszystkich formalno\u015bci jak np. badania medycyny pracy, zwolnienia lekarskie, kwestie zwi\u0105zane z ubezpieczeniami i wyp\u0142at\u0105 wynagrodze\u0144 \u2013 to wszystko rola agencji, wi\u0119c masz wi\u0119cej czasu i zasob\u00f3w na rozwijanie biznesu.<\/li>\n\n\n\n<li><strong>Mo\u017cliwo\u015b\u0107 przej\u0119cia najlepszych<\/strong> \u2013 w trakcie wsp\u00f3\u0142pracy z agencj\u0105 pracy istnieje mo\u017cliwo\u015b\u0107 przej\u0119cia najlepszych pracownik\u00f3w z agencji pod bezpo\u015brednie zatrudnienie. Jest to element na kt\u00f3ry niewiele firm zwraca uwag\u0119, a z naszego do\u015bwiadczenia wiemy, \u017ce po kilku latach wsp\u00f3\u0142pracy nasz partner ma kilka lub kilkana\u015bcie os\u00f3b, kt\u00f3re nierzadko stanowi\u0105 trzon pracownik\u00f3w produkcyjnych.<\/li>\n<\/ul>\n<\/div><\/div>\n\n\n\n<div style=\"height:100px\" aria-hidden=\"true\" class=\"wp-block-spacer\"><\/div>\n\n\n\n<div class=\"wp-block-group alignwide copyfrom-leasing-cta has-gutenberg-bg-background-color has-background\"><div class=\"wp-block-group__inner-container is-layout-flow wp-block-group-is-layout-flow\">\n<h3 class=\"wp-block-heading\">Czym jest wynajem pracowniczy?<\/h3>\n\n\n\n<div style=\"height:20px\" aria-hidden=\"true\" class=\"wp-block-spacer\"><\/div>\n\n\n\n<p><strong>Wynajem pracowniczy, inaczej leasing pracowniczy, jest wypo\u017cyczeniem pracownika z agencji pracy tym\u00adczasowej. W tym przypadku istnieje tr\u00f3jstron\u00adny stosunek:\u00a0pracownik\u00a0tymczasowy \u2013\u00a0agencja pracy tymczasowej\u00a0\u2013\u00a0pracodawca\u00a0u\u017cytkownik. W przypadku pracy tymczasowej\u00a0pracodawca\u00a0u\u017cytkownik nie ma obowi\u0105zk\u00f3w kadrowych zwi\u0105\u00adzanych z zatrudnieniem danego pracownika, nie musi prowadzi\u0107 dokumentacji personalnej czy kie\u00adrowa\u0107 pracownika na\u00a0badania lekarskie. Zasady zatrudnienia pracownika okre\u015bla umowa zawarta przez pracodawc\u0119 u\u017cytkowni\u00adka z agencj\u0105. Przepisy ustawy o pracownikach tymczasowych wskazuj\u0105 minimalne wymagania w tym zakresie.<\/strong><\/p>\n<\/div><\/div>\n\n\n\n<div style=\"height:100px\" aria-hidden=\"true\" class=\"wp-block-spacer\"><\/div>\n\n\n\n<div class=\"wp-block-group alignwide copyfrom-leasing-icons-1 has-gutenberg-bg-background-color has-background\"><div class=\"wp-block-group__inner-container is-layout-flow wp-block-group-is-layout-flow\">\n<h4 class=\"wp-block-heading\">W POLSCE S\u0104 TYSI\u0104CE AGENCJI, A VANNER JEST TYLKO JEDEN<\/h4>\n\n\n\n<h2 class=\"wp-block-heading\">Co nas wyr\u00f3\u017cnia?<\/h2>\n<\/div><\/div>\n\n\n\n<div class=\"wp-block-columns alignwide copyfrom-leasing-icons-2 has-gutenberg-bg-background-color has-background is-layout-flex wp-container-core-columns-is-layout-9d6595d7 wp-block-columns-is-layout-flex\">\n<div class=\"wp-block-column is-layout-flow wp-block-column-is-layout-flow\">\n<figure class=\"wp-block-image size-large\"><img decoding=\"async\" src=\"https:\/\/www.vanner.pl\/pl\/wp-content\/uploads\/2021\/05\/leasing-icon-1.png\" alt=\"\" class=\"wp-image-352\"\/><\/figure>\n\n\n\n<h4 class=\"wp-block-heading\">W\u0141ASNY DZIA\u0141 REKRUTACJI I WSPARCIE AGENCJI PRACY Z UKRAINY<\/h4>\n\n\n\n<p>Znalezienie odpowiednich kandydat\u00f3w w kr\u00f3tkim czasie wymaga dynamicznego dwutorowego dzia\u0142ania. Jednocze\u015bnie poszukujemy pracownik\u00f3w poprzez w\u0142asny dzia\u0142 rekrutacji, ale pomagaj\u0105 nam partnerskie agencje na Ukrainie, aby\u015bmy szybko sprostali wymaganiom naszych partner\u00f3w.<\/p>\n<\/div>\n\n\n\n<div class=\"wp-block-column is-layout-flow wp-block-column-is-layout-flow\">\n<figure class=\"wp-block-image size-large\"><img decoding=\"async\" src=\"https:\/\/www.vanner.pl\/pl\/wp-content\/uploads\/2021\/05\/leasing-icon-2.png\" alt=\"\" class=\"wp-image-353\"\/><\/figure>\n\n\n\n<h4 class=\"wp-block-heading\">LEGALNO\u015a\u0106<\/h4>\n\n\n\n<p>Dzia\u0142amy jako certyfikowana agencja pracy tymczasowej, podlegamy ustawom oraz kontroli wielu urz\u0119d\u00f3w pa\u0144stwowych i od lat udowadniamy, \u017ce w tym biznesie mo\u017cna dzia\u0142a\u0107 w ramach obowi\u0105zuj\u0105cego prawa. Nie mamy udzia\u0142owc\u00f3w, nie mamy pozornego outsourcingu \u2013 jeste\u015bmy agencj\u0105 pracy tymczasowej.<\/p>\n<\/div>\n\n\n\n<div class=\"wp-block-column is-layout-flow wp-block-column-is-layout-flow\">\n<figure class=\"wp-block-image size-large\"><img decoding=\"async\" src=\"https:\/\/www.vanner.pl\/pl\/wp-content\/uploads\/2021\/05\/leasing-icon-3.png\" alt=\"\" class=\"wp-image-354\"\/><\/figure>\n\n\n\n<h4 class=\"wp-block-heading\">NISKA ROTACJA + SZYBKA REALIZACJA = WSP\u00d3LNY SUKCES<\/h4>\n\n\n\n<p>Od pierwszych dni wsp\u00f3\u0142pracy pozostajemy w \u015bcis\u0142ym kontakcie z naszym partnerem, aby na bie\u017c\u0105co by\u0107 z jego planami produkcyjno-kadrowymi. Przewidywalno\u015b\u0107 zatrudnienia pozwala utrzyma\u0107 niski poziom rotacji, a to wp\u0142ywa na dobr\u0105 jako\u015b\u0107 rekrutacji \u2013 te dwa czynniki pozwalaj\u0105 odnie\u015b\u0107 sukces ka\u017cdej ze stron.<\/p>\n<\/div>\n\n\n\n<div class=\"wp-block-column is-layout-flow wp-block-column-is-layout-flow\">\n<figure class=\"wp-block-image size-large\"><img decoding=\"async\" src=\"https:\/\/www.vanner.pl\/pl\/wp-content\/uploads\/2021\/05\/leasing-icon-4.png\" alt=\"\" class=\"wp-image-355\"\/><\/figure>\n\n\n\n<h4 class=\"wp-block-heading\">KOMUNIKACJA, KOMUNIKACJA, KOMUNIKACJA<\/h4>\n\n\n\n<p>Jeste\u015bmy dost\u0119pni dla naszych partner\u00f3w 24\/7, poniewa\u017c pracujemy dla ludzi i z lud\u017ami. Dobra komunikacja, partnerska relacja jest dla nas bardzo wa\u017cna, poniewa\u017c od lat naszym g\u0142\u00f3wnym \u017ar\u00f3d\u0142em nowych partner\u00f3w s\u0105 polecenia.<\/p>\n<\/div>\n<\/div>\n\n\n\n<div style=\"height:100px\" aria-hidden=\"true\" class=\"wp-block-spacer\"><\/div>\n\n\n\n<div class=\"wp-block-group alignwide copyfrom-kontakt has-gutenberg-bg-background-color has-background\"><div class=\"wp-block-group__inner-container is-layout-flow wp-block-group-is-layout-flow\">\n<h2 class=\"wp-block-heading\">Skontaktuj si\u0119<\/h2>\n\n\n\n<p>Je\u017celi jeste\u015b zainteresowany wynajmem pracownik\u00f3w \u2013 zg\u0142o\u015b si\u0119 do nas! Nasz do\u015bwiadczony zesp\u00f3\u0142 przeprowadzi Ci\u0119 przez ca\u0142y proces, odpowie na wszystkie pytania i w\u0105tpliwo\u015bci, a na ko\u0144cu przedstawimy Ci ofert\u0119 dopasowan\u0105 do Twoich potrzeb.<\/p>\n<\/div><\/div>\n","protected":false},"excerpt":{"rendered":"<p>Czym jest wynajem pracowniczy? Wynajem pracowniczy, inaczej leasing pracowniczy, jest wypo\u017cyczeniem pracownika z agencji pracy tym\u00adczasowej. W tym przypadku istnieje tr\u00f3jstron\u00adny stosunek:\u00a0pracownik\u00a0tymczasowy \u2013\u00a0agencja pracy tymczasowej\u00a0\u2013\u00a0pracodawca\u00a0u\u017cytkownik. W przypadku pracy tymczasowej\u00a0pracodawca\u00a0u\u017cytkownik nie [&hellip;]<\/p>\n","protected":false},"author":2,"featured_media":127,"parent":0,"menu_order":0,"comment_status":"closed","ping_status":"closed","template":"podstrona-leasing_pracownikow.php","meta":{"footnotes":""},"class_list":["post-126","page","type-page","status-publish","has-post-thumbnail","hentry"],"yoast_head":"<!-- This site is optimized with the Yoast SEO plugin v27.6 - https:\/\/yoast.com\/product\/yoast-seo-wordpress\/ -->\n<title>Wynajem pracownik\u00f3w i leasing pracowniczy | Vanner<\/title>\n<meta name=\"description\" content=\"Szukasz elastyczno\u015bci? Wynajem pracownik\u00f3w z Vanner to szybka rekrutacja, legalno\u015b\u0107 i oszcz\u0119dno\u015b\u0107 koszt\u00f3w. Sprawd\u017a, dlaczego warto nam zaufa\u0107.\" \/>\n<meta name=\"robots\" content=\"index, follow, max-snippet:-1, max-image-preview:large, max-video-preview:-1\" \/>\n<link rel=\"canonical\" href=\"https:\/\/www.vanner.pl\/pl\/wynajem-pracownikow\/\" \/>\n<meta property=\"og:locale\" content=\"pl_PL\" \/>\n<meta property=\"og:type\" content=\"article\" \/>\n<meta property=\"og:title\" content=\"Wynajem pracownik\u00f3w i leasing pracowniczy | Vanner\" \/>\n<meta property=\"og:description\" content=\"Szukasz elastyczno\u015bci? Wynajem pracownik\u00f3w z Vanner to szybka rekrutacja, legalno\u015b\u0107 i oszcz\u0119dno\u015b\u0107 koszt\u00f3w. Sprawd\u017a, dlaczego warto nam zaufa\u0107.\" \/>\n<meta property=\"og:url\" content=\"https:\/\/www.vanner.pl\/pl\/wynajem-pracownikow\/\" \/>\n<meta property=\"og:site_name\" content=\"Vanner | Agencja pracy tymczasowej\" \/>\n<meta property=\"article:modified_time\" content=\"2026-01-13T10:09:13+00:00\" \/>\n<meta property=\"og:image\" content=\"https:\/\/www.vanner.pl\/pl\/wp-content\/uploads\/2021\/03\/slider-leasing_pracownikow.jpg\" \/>\n\t<meta property=\"og:image:width\" content=\"1920\" \/>\n\t<meta property=\"og:image:height\" content=\"460\" \/>\n\t<meta property=\"og:image:type\" content=\"image\/jpeg\" \/>\n<meta name=\"twitter:card\" content=\"summary_large_image\" \/>\n<meta name=\"twitter:label1\" content=\"Szacowany czas czytania\" \/>\n\t<meta name=\"twitter:data1\" content=\"5 minut\" \/>\n<script type=\"application\/ld+json\" class=\"yoast-schema-graph\">{\"@context\":\"https:\\\/\\\/schema.org\",\"@graph\":[{\"@type\":\"WebPage\",\"@id\":\"https:\\\/\\\/www.vanner.pl\\\/pl\\\/wynajem-pracownikow\\\/\",\"url\":\"https:\\\/\\\/www.vanner.pl\\\/pl\\\/wynajem-pracownikow\\\/\",\"name\":\"Wynajem pracownik\u00f3w i leasing pracowniczy | Vanner\",\"isPartOf\":{\"@id\":\"https:\\\/\\\/www.vanner.pl\\\/pl\\\/#website\"},\"primaryImageOfPage\":{\"@id\":\"https:\\\/\\\/www.vanner.pl\\\/pl\\\/wynajem-pracownikow\\\/#primaryimage\"},\"image\":{\"@id\":\"https:\\\/\\\/www.vanner.pl\\\/pl\\\/wynajem-pracownikow\\\/#primaryimage\"},\"thumbnailUrl\":\"https:\\\/\\\/www.vanner.pl\\\/pl\\\/wp-content\\\/uploads\\\/2021\\\/03\\\/slider-leasing_pracownikow.jpg\",\"datePublished\":\"2021-03-02T10:06:27+00:00\",\"dateModified\":\"2026-01-13T10:09:13+00:00\",\"description\":\"Szukasz elastyczno\u015bci? Wynajem pracownik\u00f3w z Vanner to szybka rekrutacja, legalno\u015b\u0107 i oszcz\u0119dno\u015b\u0107 koszt\u00f3w. Sprawd\u017a, dlaczego warto nam zaufa\u0107.\",\"breadcrumb\":{\"@id\":\"https:\\\/\\\/www.vanner.pl\\\/pl\\\/wynajem-pracownikow\\\/#breadcrumb\"},\"inLanguage\":\"pl-PL\",\"potentialAction\":[{\"@type\":\"ReadAction\",\"target\":[\"https:\\\/\\\/www.vanner.pl\\\/pl\\\/wynajem-pracownikow\\\/\"]}]},{\"@type\":\"ImageObject\",\"inLanguage\":\"pl-PL\",\"@id\":\"https:\\\/\\\/www.vanner.pl\\\/pl\\\/wynajem-pracownikow\\\/#primaryimage\",\"url\":\"https:\\\/\\\/www.vanner.pl\\\/pl\\\/wp-content\\\/uploads\\\/2021\\\/03\\\/slider-leasing_pracownikow.jpg\",\"contentUrl\":\"https:\\\/\\\/www.vanner.pl\\\/pl\\\/wp-content\\\/uploads\\\/2021\\\/03\\\/slider-leasing_pracownikow.jpg\",\"width\":1920,\"height\":460,\"caption\":\"Portrait of successful entrepreneur, colleagues working in the background.\"},{\"@type\":\"BreadcrumbList\",\"@id\":\"https:\\\/\\\/www.vanner.pl\\\/pl\\\/wynajem-pracownikow\\\/#breadcrumb\",\"itemListElement\":[{\"@type\":\"ListItem\",\"position\":1,\"name\":\"Strona g\u0142\u00f3wna\",\"item\":\"https:\\\/\\\/www.vanner.pl\\\/pl\\\/\"},{\"@type\":\"ListItem\",\"position\":2,\"name\":\"Wynajem pracownik\u00f3w\"}]},{\"@type\":\"WebSite\",\"@id\":\"https:\\\/\\\/www.vanner.pl\\\/pl\\\/#website\",\"url\":\"https:\\\/\\\/www.vanner.pl\\\/pl\\\/\",\"name\":\"Vanner | Agencja pracy tymczasowej\",\"description\":\"Tw\u00f3j zaufany partner\",\"potentialAction\":[{\"@type\":\"SearchAction\",\"target\":{\"@type\":\"EntryPoint\",\"urlTemplate\":\"https:\\\/\\\/www.vanner.pl\\\/pl\\\/?s={search_term_string}\"},\"query-input\":{\"@type\":\"PropertyValueSpecification\",\"valueRequired\":true,\"valueName\":\"search_term_string\"}}],\"inLanguage\":\"pl-PL\"}]}<\/script>\n<!-- \/ Yoast SEO plugin. -->","yoast_head_json":{"title":"Wynajem pracownik\u00f3w i leasing pracowniczy | Vanner","description":"Szukasz elastyczno\u015bci? Wynajem pracownik\u00f3w z Vanner to szybka rekrutacja, legalno\u015b\u0107 i oszcz\u0119dno\u015b\u0107 koszt\u00f3w. Sprawd\u017a, dlaczego warto nam zaufa\u0107.","robots":{"index":"index","follow":"follow","max-snippet":"max-snippet:-1","max-image-preview":"max-image-preview:large","max-video-preview":"max-video-preview:-1"},"canonical":"https:\/\/www.vanner.pl\/pl\/wynajem-pracownikow\/","og_locale":"pl_PL","og_type":"article","og_title":"Wynajem pracownik\u00f3w i leasing pracowniczy | Vanner","og_description":"Szukasz elastyczno\u015bci? Wynajem pracownik\u00f3w z Vanner to szybka rekrutacja, legalno\u015b\u0107 i oszcz\u0119dno\u015b\u0107 koszt\u00f3w. Sprawd\u017a, dlaczego warto nam zaufa\u0107.","og_url":"https:\/\/www.vanner.pl\/pl\/wynajem-pracownikow\/","og_site_name":"Vanner | Agencja pracy tymczasowej","article_modified_time":"2026-01-13T10:09:13+00:00","og_image":[{"width":1920,"height":460,"url":"https:\/\/www.vanner.pl\/pl\/wp-content\/uploads\/2021\/03\/slider-leasing_pracownikow.jpg","type":"image\/jpeg"}],"twitter_card":"summary_large_image","twitter_misc":{"Szacowany czas czytania":"5 minut"},"schema":{"@context":"https:\/\/schema.org","@graph":[{"@type":"WebPage","@id":"https:\/\/www.vanner.pl\/pl\/wynajem-pracownikow\/","url":"https:\/\/www.vanner.pl\/pl\/wynajem-pracownikow\/","name":"Wynajem pracownik\u00f3w i leasing pracowniczy | Vanner","isPartOf":{"@id":"https:\/\/www.vanner.pl\/pl\/#website"},"primaryImageOfPage":{"@id":"https:\/\/www.vanner.pl\/pl\/wynajem-pracownikow\/#primaryimage"},"image":{"@id":"https:\/\/www.vanner.pl\/pl\/wynajem-pracownikow\/#primaryimage"},"thumbnailUrl":"https:\/\/www.vanner.pl\/pl\/wp-content\/uploads\/2021\/03\/slider-leasing_pracownikow.jpg","datePublished":"2021-03-02T10:06:27+00:00","dateModified":"2026-01-13T10:09:13+00:00","description":"Szukasz elastyczno\u015bci? Wynajem pracownik\u00f3w z Vanner to szybka rekrutacja, legalno\u015b\u0107 i oszcz\u0119dno\u015b\u0107 koszt\u00f3w. Sprawd\u017a, dlaczego warto nam zaufa\u0107.","breadcrumb":{"@id":"https:\/\/www.vanner.pl\/pl\/wynajem-pracownikow\/#breadcrumb"},"inLanguage":"pl-PL","potentialAction":[{"@type":"ReadAction","target":["https:\/\/www.vanner.pl\/pl\/wynajem-pracownikow\/"]}]},{"@type":"ImageObject","inLanguage":"pl-PL","@id":"https:\/\/www.vanner.pl\/pl\/wynajem-pracownikow\/#primaryimage","url":"https:\/\/www.vanner.pl\/pl\/wp-content\/uploads\/2021\/03\/slider-leasing_pracownikow.jpg","contentUrl":"https:\/\/www.vanner.pl\/pl\/wp-content\/uploads\/2021\/03\/slider-leasing_pracownikow.jpg","width":1920,"height":460,"caption":"Portrait of successful entrepreneur, colleagues working in the background."},{"@type":"BreadcrumbList","@id":"https:\/\/www.vanner.pl\/pl\/wynajem-pracownikow\/#breadcrumb","itemListElement":[{"@type":"ListItem","position":1,"name":"Strona g\u0142\u00f3wna","item":"https:\/\/www.vanner.pl\/pl\/"},{"@type":"ListItem","position":2,"name":"Wynajem pracownik\u00f3w"}]},{"@type":"WebSite","@id":"https:\/\/www.vanner.pl\/pl\/#website","url":"https:\/\/www.vanner.pl\/pl\/","name":"Vanner | Agencja pracy tymczasowej","description":"Tw\u00f3j zaufany partner","potentialAction":[{"@type":"SearchAction","target":{"@type":"EntryPoint","urlTemplate":"https:\/\/www.vanner.pl\/pl\/?s={search_term_string}"},"query-input":{"@type":"PropertyValueSpecification","valueRequired":true,"valueName":"search_term_string"}}],"inLanguage":"pl-PL"}]}},"_links":{"self":[{"href":"https:\/\/www.vanner.pl\/pl\/wp-json\/wp\/v2\/pages\/126","targetHints":{"allow":["GET"]}}],"collection":[{"href":"https:\/\/www.vanner.pl\/pl\/wp-json\/wp\/v2\/pages"}],"about":[{"href":"https:\/\/www.vanner.pl\/pl\/wp-json\/wp\/v2\/types\/page"}],"author":[{"embeddable":true,"href":"https:\/\/www.vanner.pl\/pl\/wp-json\/wp\/v2\/users\/2"}],"replies":[{"embeddable":true,"href":"https:\/\/www.vanner.pl\/pl\/wp-json\/wp\/v2\/comments?post=126"}],"version-history":[{"count":9,"href":"https:\/\/www.vanner.pl\/pl\/wp-json\/wp\/v2\/pages\/126\/revisions"}],"predecessor-version":[{"id":879,"href":"https:\/\/www.vanner.pl\/pl\/wp-json\/wp\/v2\/pages\/126\/revisions\/879"}],"wp:featuredmedia":[{"embeddable":true,"href":"https:\/\/www.vanner.pl\/pl\/wp-json\/wp\/v2\/media\/127"}],"wp:attachment":[{"href":"https:\/\/www.vanner.pl\/pl\/wp-json\/wp\/v2\/media?parent=126"}],"curies":[{"name":"wp","href":"https:\/\/api.w.org\/{rel}","templated":true}]}}