

{"id":130,"date":"2021-03-02T13:33:42","date_gmt":"2021-03-02T12:33:42","guid":{"rendered":"https:\/\/www.vanner.pl\/pl\/?page_id=130"},"modified":"2026-01-13T10:52:18","modified_gmt":"2026-01-13T09:52:18","slug":"outsourcing-procesow","status":"publish","type":"page","link":"https:\/\/www.vanner.pl\/pl\/outsourcing-procesow\/","title":{"rendered":"Outsourcing proces\u00f3w"},"content":{"rendered":"\n<div class=\"wp-block-media-text alignwide is-stacked-on-mobile copyfrom-rekrutacja-zalety has-gutenberg-bg-background-color has-background\"><figure class=\"wp-block-media-text__media\"><img decoding=\"async\" src=\"https:\/\/www.vanner.pl\/pl\/wp-content\/uploads\/2021\/05\/rekrutacja-figure.jpg\" alt=\"\" class=\"wp-image-359 size-full\"\/><\/figure><div class=\"wp-block-media-text__content\">\n<h4 class=\"wp-block-heading\">NIE BOIMY SI\u0118 WYZWA\u0143, BO MAMY DO\u015aWIADCZENIE<\/h4>\n\n\n\n<h2 class=\"wp-block-heading\">Zalety outsourcingu proces\u00f3w<\/h2>\n\n\n\n<p>Outsourcing proces\u00f3w ma wiele zalet, kt\u00f3re przyczyniaj\u0105 si\u0119 do efektywno\u015bci i konkurencyjno\u015bci firmy, a g\u0142\u00f3wne to:<\/p>\n\n\n\n<ul class=\"wp-block-list\">\n<li><strong>Koncentracja na kluczowych dzia\u0142aniach:<\/strong> pozwala firmom skupi\u0107 swoje zasoby i uwag\u0119 na kluczowych obszarach dzia\u0142alno\u015bci, zamiast po\u015bwi\u0119ca\u0107 czas i wysi\u0142ek na rutynowe zadania, kt\u00f3re mog\u0105 by\u0107 zlecone innym.<\/li>\n\n\n\n<li><strong>Oszcz\u0119dno\u015b\u0107 koszt\u00f3w:<\/strong> outsourcing mo\u017ce cz\u0119sto by\u0107 ta\u0144szy ni\u017c zatrudnianie i utrzymanie wewn\u0119trznych zespo\u0142\u00f3w do wykonania okre\u015blonych zada\u0144. Firmy mog\u0105 unikn\u0105\u0107 koszt\u00f3w zwi\u0105zanych z zatrudnianiem, szkoleniem i utrzymaniem pracownik\u00f3w, takich jak wynagrodzenia, ubezpieczenia zdrowotne i inne \u015bwiadczenia.<\/li>\n\n\n\n<li><strong>Dost\u0119p do specjalistycznej wiedzy i umiej\u0119tno\u015bci: <\/strong>korzystanie z us\u0142ug zewn\u0119trznych firm oznacza dost\u0119p do wyspecjalizowanych umiej\u0119tno\u015bci i wiedzy, kt\u00f3re mog\u0105 by\u0107 niezb\u0119dne do wykonania okre\u015blonych zada\u0144 lub projekt\u00f3w. Outsourcing pozwala firmom skorzysta\u0107 z do\u015bwiadczenia i know-how ekspert\u00f3w w danej dziedzinie.<\/li>\n\n\n\n<li><strong>Wi\u0119ksza elastyczno\u015b\u0107 i skalowalno\u015b\u0107:<\/strong> firma mo\u017ce dostosowa\u0107 swoje zasoby zewn\u0119trznego dostawcy do zmieniaj\u0105cych si\u0119 potrzeb biznesowych, co pozwala na szybsze reagowanie na zmieniaj\u0105ce si\u0119 warunki rynkowe i zapotrzebowanie klient\u00f3w.<\/li>\n\n\n\n<li><strong>Uwolnienie potencja\u0142u:<\/strong> outsourcing mo\u017ce zwolni\u0107 wewn\u0119trzne zasoby firmy, pozwalaj\u0105c im skoncentrowa\u0107 si\u0119 na strategicznych inicjatywach biznesowych, innowacjach i rozwoju produkt\u00f3w.<\/li>\n<\/ul>\n\n\n\n<div style=\"height:20px\" aria-hidden=\"true\" class=\"wp-block-spacer\"><\/div>\n\n\n\n<p>Te zalety sprawiaj\u0105, \u017ce outsourcing proces\u00f3w jest popularn\u0105 strategi\u0105 w\u015br\u00f3d firm, kt\u00f3re chc\u0105 by\u0107 bardziej konkurencyjne i efektywne na rynku. Jednak warto r\u00f3wnie\u017c rozwa\u017cy\u0107 potencjalne wady i ryzyka zwi\u0105zane z outsourcingiem oraz dok\u0142adnie przemy\u015ble\u0107 strategi\u0119 przed podj\u0119ciem decyzji.<\/p>\n<\/div><\/div>\n\n\n\n<div style=\"height:100px\" aria-hidden=\"true\" class=\"wp-block-spacer\"><\/div>\n\n\n\n<div class=\"wp-block-group alignwide copyfrom-rekrutacja-dzialanie has-gutenberg-bg-background-color has-background\"><div class=\"wp-block-group__inner-container is-layout-flow wp-block-group-is-layout-flow\">\n<h4 class=\"wp-block-heading\">WAHASZ SI\u0118 CZY ODDA\u0106 TO W R\u0118CE AGENCJI PRACY?<\/h4>\n\n\n\n<h2 class=\"wp-block-heading\">Outsourcing proces\u00f3w czy wynajem pracownik\u00f3w<\/h2>\n\n\n\n<p>Outsourcing proces\u00f3w r\u00f3\u017cni si\u0119 od wynajmu pracownik\u00f3w pod wieloma wzgl\u0119dami, zar\u00f3wno pod wzgl\u0119dem modelu dzia\u0142ania, jak i konsekwencji dla przedsi\u0119biorstwa. Oto kilka kluczowych r\u00f3\u017cnic:<\/p>\n\n\n\n<ul class=\"wp-block-list\">\n<li><strong>Zakres odpowiedzialno\u015bci:<\/strong> W przypadku outsourcingu proces\u00f3w firma zleca wykonanie okre\u015blonych zada\u0144 lub proces\u00f3w zewn\u0119trznej firmie, kt\u00f3ra jest odpowiedzialna za ich realizacj\u0119 zgodnie z ustalonymi warunkami umowy. Natomiast w przypadku wynajmu pracownik\u00f3w firma zatrudnia pracownik\u00f3w na etacie lub tymczasowo, a pracownicy ci wykonuj\u0105 prac\u0119 bezpo\u015brednio dla przedsi\u0119biorstwa, kt\u00f3re ich zatrudnia.<\/li>\n\n\n\n<li><strong>Kontrola nad prac\u0105:<\/strong> Przy outsourcingu proces\u00f3w firma zwykle zachowuje pewien stopie\u0144 kontroli nad rezultatami pracy, ale sam proces wykonywania zada\u0144 jest zarz\u0105dzany przez dostawc\u0119 us\u0142ug. W przypadku wynajmu pracownik\u00f3w firma ma wi\u0119ksz\u0105 kontrol\u0119 nad sposobem wykonywania pracy i mo\u017ce bezpo\u015brednio zarz\u0105dza\u0107 pracownikami.<\/li>\n\n\n\n<li><strong>Zarz\u0105dzanie zasobami ludzkimi:<\/strong> W przypadku outsourcingu proces\u00f3w zarz\u0105dzanie zasobami ludzkimi jest zadaniem dostawcy us\u0142ug, kt\u00f3ry jest odpowiedzialny za rekrutacj\u0119, szkolenie i zarz\u0105dzanie pracownikami wykonuj\u0105cymi zadania dla firmy zleceniodawcy. W przypadku wynajmu pracownik\u00f3w, firma zatrudniaj\u0105ca jest odpowiedzialna za ca\u0142y proces zwi\u0105zany z zarz\u0105dzaniem personelem, w tym rekrutacj\u0105, szkoleniem, wynagradzaniem i utrzymaniem pracownik\u00f3w.<\/li>\n\n\n\n<li><strong>Koszty i ryzyko: <\/strong>Outsourcing proces\u00f3w mo\u017ce cz\u0119sto by\u0107 bardziej kosztowny ni\u017c wynajem pracownik\u00f3w, poniewa\u017c firmy outsourcingowe zazwyczaj pobieraj\u0105 op\u0142aty za swoje us\u0142ugi, co mo\u017ce generowa\u0107 dodatkowe koszty dla firmy zleceniodawcy. Jednak\u017ce w przypadku wynajmu pracownik\u00f3w firma ponosi pe\u0142ne koszty zatrudnienia pracownik\u00f3w, takie jak wynagrodzenia, ubezpieczenia, \u015bwiadczenia socjalne itp. Ponadto, w przypadku outsourcingu, cz\u0119\u015b\u0107 ryzyka zwi\u0105zana z realizacj\u0105 zada\u0144 przenosi si\u0119 na dostawc\u0119 us\u0142ug, podczas gdy w przypadku wynajmu pracownik\u00f3w firma ponosi wi\u0119ksz\u0105 odpowiedzialno\u015b\u0107 za wyniki pracy.<\/li>\n\n\n\n<li><strong>Specjalistyczna wiedza i umiej\u0119tno\u015bci:<\/strong> Przy outsourcingu proces\u00f3w firma mo\u017ce uzyska\u0107 dost\u0119p do specjalistycznej wiedzy i umiej\u0119tno\u015bci dostawcy us\u0142ug, co mo\u017ce by\u0107 korzystne w przypadku zada\u0144 wymagaj\u0105cych wysokich kwalifikacji lub specjalistycznej ekspertyzy. Natomiast przy wynajmie pracownik\u00f3w firma ma bezpo\u015bredni dost\u0119p do pracownik\u00f3w i mo\u017ce kszta\u0142towa\u0107 ich umiej\u0119tno\u015bci zgodnie z w\u0142asnymi potrzebami i priorytetami.<\/li>\n<\/ul>\n\n\n\n<div style=\"height:20px\" aria-hidden=\"true\" class=\"wp-block-spacer\"><\/div>\n\n\n\n<p>Podsumowuj\u0105c, outsourcing proces\u00f3w i wynajem pracownik\u00f3w to dwa r\u00f3\u017cne podej\u015bcia do uzyskania zewn\u0119trznych zasob\u00f3w do realizacji zada\u0144 lub proces\u00f3w w firmie. Ka\u017cda z tych opcji ma swoje zalety i wady, dlatego warto dok\u0142adnie rozwa\u017cy\u0107 potrzeby firmy oraz dost\u0119pne opcje przed podj\u0119ciem decyzji.<\/p>\n<\/div><\/div>\n\n\n\n<div style=\"height:100px\" aria-hidden=\"true\" class=\"wp-block-spacer\"><\/div>\n\n\n\n<div class=\"wp-block-group alignwide copyfrom-kontakt has-gutenberg-bg-background-color has-background\"><div class=\"wp-block-group__inner-container is-layout-flow wp-block-group-is-layout-flow\">\n<h2 class=\"wp-block-heading\">Skontaktuj si\u0119<\/h2>\n\n\n\n<p>Nie wiesz czy outsourcing sprawdzi si\u0119 w Twojej firmie? Proces wdra\u017cania i wsp\u00f3\u0142pracy przy outsourcingu jest dla Ciebie ma\u0142o jasny i wymaga wyja\u015bnie\u0144? Na te podstawowe pytania, oraz wiele dodatkowych, odpowie nasze grono ekspert\u00f3w. Zadzwo\u0144 i przekonaj si\u0119 jakie to proste.<\/p>\n<\/div><\/div>\n","protected":false},"excerpt":{"rendered":"<p>WAHASZ SI\u0118 CZY ODDA\u0106 TO W R\u0118CE AGENCJI PRACY? Outsourcing proces\u00f3w czy wynajem pracownik\u00f3w Outsourcing proces\u00f3w r\u00f3\u017cni si\u0119 od wynajmu pracownik\u00f3w pod wieloma wzgl\u0119dami, zar\u00f3wno pod wzgl\u0119dem modelu dzia\u0142ania, jak [&hellip;]<\/p>\n","protected":false},"author":2,"featured_media":131,"parent":0,"menu_order":0,"comment_status":"closed","ping_status":"closed","template":"podstrona-rekrutacja_specjalistow.php","meta":{"footnotes":""},"class_list":["post-130","page","type-page","status-publish","has-post-thumbnail","hentry"],"yoast_head":"<!-- This site is optimized with the Yoast SEO plugin v27.5 - https:\/\/yoast.com\/product\/yoast-seo-wordpress\/ -->\n<title>Outsourcing proces\u00f3w i us\u0142ug dla firm | Agencja pracy Vanner<\/title>\n<meta name=\"description\" content=\"Szukasz oszcz\u0119dno\u015bci i elastyczno\u015bci? Wybierz outsourcing proces\u00f3w z agencj\u0105 Vanner! Przejmiemy odpowiedzialno\u015b\u0107 za Twoje zadania.\" \/>\n<meta name=\"robots\" content=\"index, follow, max-snippet:-1, max-image-preview:large, max-video-preview:-1\" \/>\n<link rel=\"canonical\" href=\"https:\/\/www.vanner.pl\/pl\/outsourcing-procesow\/\" \/>\n<meta property=\"og:locale\" content=\"pl_PL\" \/>\n<meta property=\"og:type\" content=\"article\" \/>\n<meta property=\"og:title\" content=\"Outsourcing proces\u00f3w i us\u0142ug dla firm | Agencja pracy Vanner\" \/>\n<meta property=\"og:description\" content=\"Szukasz oszcz\u0119dno\u015bci i elastyczno\u015bci? Wybierz outsourcing proces\u00f3w z agencj\u0105 Vanner! Przejmiemy odpowiedzialno\u015b\u0107 za Twoje zadania.\" \/>\n<meta property=\"og:url\" content=\"https:\/\/www.vanner.pl\/pl\/outsourcing-procesow\/\" \/>\n<meta property=\"og:site_name\" content=\"Vanner | Agencja pracy tymczasowej\" \/>\n<meta property=\"article:modified_time\" content=\"2026-01-13T09:52:18+00:00\" \/>\n<meta property=\"og:image\" content=\"https:\/\/www.vanner.pl\/pl\/wp-content\/uploads\/2021\/03\/slider-rekrutacja_specjalistow.jpg\" \/>\n\t<meta property=\"og:image:width\" content=\"1920\" \/>\n\t<meta property=\"og:image:height\" content=\"460\" \/>\n\t<meta property=\"og:image:type\" content=\"image\/jpeg\" \/>\n<meta name=\"twitter:card\" content=\"summary_large_image\" \/>\n<meta name=\"twitter:label1\" content=\"Szacowany czas czytania\" \/>\n\t<meta name=\"twitter:data1\" content=\"5 minut\" \/>\n<script type=\"application\/ld+json\" class=\"yoast-schema-graph\">{\"@context\":\"https:\\\/\\\/schema.org\",\"@graph\":[{\"@type\":\"WebPage\",\"@id\":\"https:\\\/\\\/www.vanner.pl\\\/pl\\\/outsourcing-procesow\\\/\",\"url\":\"https:\\\/\\\/www.vanner.pl\\\/pl\\\/outsourcing-procesow\\\/\",\"name\":\"Outsourcing proces\u00f3w i us\u0142ug dla firm | Agencja pracy Vanner\",\"isPartOf\":{\"@id\":\"https:\\\/\\\/www.vanner.pl\\\/pl\\\/#website\"},\"primaryImageOfPage\":{\"@id\":\"https:\\\/\\\/www.vanner.pl\\\/pl\\\/outsourcing-procesow\\\/#primaryimage\"},\"image\":{\"@id\":\"https:\\\/\\\/www.vanner.pl\\\/pl\\\/outsourcing-procesow\\\/#primaryimage\"},\"thumbnailUrl\":\"https:\\\/\\\/www.vanner.pl\\\/pl\\\/wp-content\\\/uploads\\\/2021\\\/03\\\/slider-rekrutacja_specjalistow.jpg\",\"datePublished\":\"2021-03-02T12:33:42+00:00\",\"dateModified\":\"2026-01-13T09:52:18+00:00\",\"description\":\"Szukasz oszcz\u0119dno\u015bci i elastyczno\u015bci? Wybierz outsourcing proces\u00f3w z agencj\u0105 Vanner! Przejmiemy odpowiedzialno\u015b\u0107 za Twoje zadania.\",\"breadcrumb\":{\"@id\":\"https:\\\/\\\/www.vanner.pl\\\/pl\\\/outsourcing-procesow\\\/#breadcrumb\"},\"inLanguage\":\"pl-PL\",\"potentialAction\":[{\"@type\":\"ReadAction\",\"target\":[\"https:\\\/\\\/www.vanner.pl\\\/pl\\\/outsourcing-procesow\\\/\"]}]},{\"@type\":\"ImageObject\",\"inLanguage\":\"pl-PL\",\"@id\":\"https:\\\/\\\/www.vanner.pl\\\/pl\\\/outsourcing-procesow\\\/#primaryimage\",\"url\":\"https:\\\/\\\/www.vanner.pl\\\/pl\\\/wp-content\\\/uploads\\\/2021\\\/03\\\/slider-rekrutacja_specjalistow.jpg\",\"contentUrl\":\"https:\\\/\\\/www.vanner.pl\\\/pl\\\/wp-content\\\/uploads\\\/2021\\\/03\\\/slider-rekrutacja_specjalistow.jpg\",\"width\":1920,\"height\":460,\"caption\":\"Portrait of successful entrepreneur, colleagues working in the background.\"},{\"@type\":\"BreadcrumbList\",\"@id\":\"https:\\\/\\\/www.vanner.pl\\\/pl\\\/outsourcing-procesow\\\/#breadcrumb\",\"itemListElement\":[{\"@type\":\"ListItem\",\"position\":1,\"name\":\"Strona g\u0142\u00f3wna\",\"item\":\"https:\\\/\\\/www.vanner.pl\\\/pl\\\/\"},{\"@type\":\"ListItem\",\"position\":2,\"name\":\"Outsourcing proces\u00f3w\"}]},{\"@type\":\"WebSite\",\"@id\":\"https:\\\/\\\/www.vanner.pl\\\/pl\\\/#website\",\"url\":\"https:\\\/\\\/www.vanner.pl\\\/pl\\\/\",\"name\":\"Vanner | Agencja pracy tymczasowej\",\"description\":\"Tw\u00f3j zaufany partner\",\"potentialAction\":[{\"@type\":\"SearchAction\",\"target\":{\"@type\":\"EntryPoint\",\"urlTemplate\":\"https:\\\/\\\/www.vanner.pl\\\/pl\\\/?s={search_term_string}\"},\"query-input\":{\"@type\":\"PropertyValueSpecification\",\"valueRequired\":true,\"valueName\":\"search_term_string\"}}],\"inLanguage\":\"pl-PL\"}]}<\/script>\n<!-- \/ Yoast SEO plugin. -->","yoast_head_json":{"title":"Outsourcing proces\u00f3w i us\u0142ug dla firm | Agencja pracy Vanner","description":"Szukasz oszcz\u0119dno\u015bci i elastyczno\u015bci? Wybierz outsourcing proces\u00f3w z agencj\u0105 Vanner! Przejmiemy odpowiedzialno\u015b\u0107 za Twoje zadania.","robots":{"index":"index","follow":"follow","max-snippet":"max-snippet:-1","max-image-preview":"max-image-preview:large","max-video-preview":"max-video-preview:-1"},"canonical":"https:\/\/www.vanner.pl\/pl\/outsourcing-procesow\/","og_locale":"pl_PL","og_type":"article","og_title":"Outsourcing proces\u00f3w i us\u0142ug dla firm | Agencja pracy Vanner","og_description":"Szukasz oszcz\u0119dno\u015bci i elastyczno\u015bci? Wybierz outsourcing proces\u00f3w z agencj\u0105 Vanner! Przejmiemy odpowiedzialno\u015b\u0107 za Twoje zadania.","og_url":"https:\/\/www.vanner.pl\/pl\/outsourcing-procesow\/","og_site_name":"Vanner | Agencja pracy tymczasowej","article_modified_time":"2026-01-13T09:52:18+00:00","og_image":[{"width":1920,"height":460,"url":"https:\/\/www.vanner.pl\/pl\/wp-content\/uploads\/2021\/03\/slider-rekrutacja_specjalistow.jpg","type":"image\/jpeg"}],"twitter_card":"summary_large_image","twitter_misc":{"Szacowany czas czytania":"5 minut"},"schema":{"@context":"https:\/\/schema.org","@graph":[{"@type":"WebPage","@id":"https:\/\/www.vanner.pl\/pl\/outsourcing-procesow\/","url":"https:\/\/www.vanner.pl\/pl\/outsourcing-procesow\/","name":"Outsourcing proces\u00f3w i us\u0142ug dla firm | Agencja pracy Vanner","isPartOf":{"@id":"https:\/\/www.vanner.pl\/pl\/#website"},"primaryImageOfPage":{"@id":"https:\/\/www.vanner.pl\/pl\/outsourcing-procesow\/#primaryimage"},"image":{"@id":"https:\/\/www.vanner.pl\/pl\/outsourcing-procesow\/#primaryimage"},"thumbnailUrl":"https:\/\/www.vanner.pl\/pl\/wp-content\/uploads\/2021\/03\/slider-rekrutacja_specjalistow.jpg","datePublished":"2021-03-02T12:33:42+00:00","dateModified":"2026-01-13T09:52:18+00:00","description":"Szukasz oszcz\u0119dno\u015bci i elastyczno\u015bci? Wybierz outsourcing proces\u00f3w z agencj\u0105 Vanner! Przejmiemy odpowiedzialno\u015b\u0107 za Twoje zadania.","breadcrumb":{"@id":"https:\/\/www.vanner.pl\/pl\/outsourcing-procesow\/#breadcrumb"},"inLanguage":"pl-PL","potentialAction":[{"@type":"ReadAction","target":["https:\/\/www.vanner.pl\/pl\/outsourcing-procesow\/"]}]},{"@type":"ImageObject","inLanguage":"pl-PL","@id":"https:\/\/www.vanner.pl\/pl\/outsourcing-procesow\/#primaryimage","url":"https:\/\/www.vanner.pl\/pl\/wp-content\/uploads\/2021\/03\/slider-rekrutacja_specjalistow.jpg","contentUrl":"https:\/\/www.vanner.pl\/pl\/wp-content\/uploads\/2021\/03\/slider-rekrutacja_specjalistow.jpg","width":1920,"height":460,"caption":"Portrait of successful entrepreneur, colleagues working in the background."},{"@type":"BreadcrumbList","@id":"https:\/\/www.vanner.pl\/pl\/outsourcing-procesow\/#breadcrumb","itemListElement":[{"@type":"ListItem","position":1,"name":"Strona g\u0142\u00f3wna","item":"https:\/\/www.vanner.pl\/pl\/"},{"@type":"ListItem","position":2,"name":"Outsourcing proces\u00f3w"}]},{"@type":"WebSite","@id":"https:\/\/www.vanner.pl\/pl\/#website","url":"https:\/\/www.vanner.pl\/pl\/","name":"Vanner | Agencja pracy tymczasowej","description":"Tw\u00f3j zaufany partner","potentialAction":[{"@type":"SearchAction","target":{"@type":"EntryPoint","urlTemplate":"https:\/\/www.vanner.pl\/pl\/?s={search_term_string}"},"query-input":{"@type":"PropertyValueSpecification","valueRequired":true,"valueName":"search_term_string"}}],"inLanguage":"pl-PL"}]}},"_links":{"self":[{"href":"https:\/\/www.vanner.pl\/pl\/wp-json\/wp\/v2\/pages\/130","targetHints":{"allow":["GET"]}}],"collection":[{"href":"https:\/\/www.vanner.pl\/pl\/wp-json\/wp\/v2\/pages"}],"about":[{"href":"https:\/\/www.vanner.pl\/pl\/wp-json\/wp\/v2\/types\/page"}],"author":[{"embeddable":true,"href":"https:\/\/www.vanner.pl\/pl\/wp-json\/wp\/v2\/users\/2"}],"replies":[{"embeddable":true,"href":"https:\/\/www.vanner.pl\/pl\/wp-json\/wp\/v2\/comments?post=130"}],"version-history":[{"count":12,"href":"https:\/\/www.vanner.pl\/pl\/wp-json\/wp\/v2\/pages\/130\/revisions"}],"predecessor-version":[{"id":885,"href":"https:\/\/www.vanner.pl\/pl\/wp-json\/wp\/v2\/pages\/130\/revisions\/885"}],"wp:featuredmedia":[{"embeddable":true,"href":"https:\/\/www.vanner.pl\/pl\/wp-json\/wp\/v2\/media\/131"}],"wp:attachment":[{"href":"https:\/\/www.vanner.pl\/pl\/wp-json\/wp\/v2\/media?parent=130"}],"curies":[{"name":"wp","href":"https:\/\/api.w.org\/{rel}","templated":true}]}}