

{"id":34,"date":"2021-02-15T09:49:13","date_gmt":"2021-02-15T08:49:13","guid":{"rendered":"https:\/\/www.vanner.pl\/pl\/?page_id=34"},"modified":"2026-01-13T10:23:15","modified_gmt":"2026-01-13T09:23:15","slug":"kontakt","status":"publish","type":"page","link":"https:\/\/www.vanner.pl\/pl\/kontakt\/","title":{"rendered":"Kontakt"},"content":{"rendered":"\n<div class=\"wp-block-group alignwide copyfrom-kontakt-osoby has-gutenberg-bg-background-color has-background\"><div class=\"wp-block-group__inner-container is-layout-flow wp-block-group-is-layout-flow\">\n<h4 class=\"wp-block-heading\">NASI REKRUTERZY<\/h4>\n\n\n\n<div style=\"height:20px\" aria-hidden=\"true\" class=\"wp-block-spacer\"><\/div>\n\n\n\n<ul class=\"wp-block-list\">\n<li><strong>Olga Datco<\/strong> <img decoding=\"async\" class=\"wp-image-582\" style=\"\" src=\"https:\/\/www.vanner.pl\/pl\/wp-content\/uploads\/2022\/06\/flaga_ua.png\" alt=\"\"><img decoding=\"async\" class=\"wp-image-584\" style=\"\" src=\"https:\/\/www.vanner.pl\/pl\/wp-content\/uploads\/2022\/06\/flaga_ru.png\" alt=\"\"><img decoding=\"async\" class=\"wp-image-585\" style=\"\" src=\"https:\/\/www.vanner.pl\/pl\/wp-content\/uploads\/2022\/06\/flaga_pl.png\" alt=\"\"><\/li>\n\n\n\n<li><img decoding=\"async\" class=\"wp-image-420\" style=\"\" src=\"https:\/\/www.vanner.pl\/pl\/wp-content\/uploads\/2021\/05\/tel-yellow.png\" alt=\"\"> <a href=\"tel:+48730540170\">+48&nbsp;730&nbsp;540&nbsp;170<\/a><\/li>\n\n\n\n<li><img decoding=\"async\" class=\"wp-image-420\" style=\"\" src=\"https:\/\/www.vanner.pl\/pl\/wp-content\/uploads\/2021\/05\/tel-yellow.png\" alt=\"\"> <a href=\"tel:+48531307500\">+48&nbsp;531 307 500<\/a><\/li>\n\n\n\n<li><img decoding=\"async\" class=\"wp-image-421\" style=\"\" src=\"https:\/\/www.vanner.pl\/pl\/wp-content\/uploads\/2021\/05\/mail-yellow.png\" alt=\"\"><a href=\"mailto:robota@vanner.pl\">robota@vanner.pl<\/a><\/li>\n<\/ul>\n\n\n\n<figure class=\"wp-block-image size-full\"><a href=\"https:\/\/m.me\/work.vanner\"><img decoding=\"async\" src=\"https:\/\/www.vanner.pl\/pl\/wp-content\/uploads\/2022\/06\/messanger2.png\" alt=\"\" class=\"wp-image-594\"\/><\/a><\/figure>\n\n\n\n<figure class=\"wp-block-image size-full\"><a href=\"https:\/\/wa.me\/48730540170\"><img decoding=\"async\" src=\"https:\/\/www.vanner.pl\/pl\/wp-content\/uploads\/2022\/06\/whatsapp3.png\" alt=\"\" class=\"wp-image-595\"\/><\/a><\/figure>\n\n\n\n<figure class=\"wp-block-image size-full\"><a href=\"https:\/\/t.me\/irynavanner\"><img decoding=\"async\" src=\"https:\/\/www.vanner.pl\/pl\/wp-content\/uploads\/2022\/06\/telegram-l.png\" alt=\"\" class=\"wp-image-596\"\/><\/a><\/figure>\n\n\n\n<figure class=\"wp-block-image size-full\"><a href=\"viber:\/\/add?number=48730540170\"><img decoding=\"async\" src=\"https:\/\/www.vanner.pl\/pl\/wp-content\/uploads\/2022\/06\/viber3.png\" alt=\"\" class=\"wp-image-597\"\/><\/a><\/figure>\n\n\n\n<div style=\"height:20px\" aria-hidden=\"true\" class=\"wp-block-spacer\"><\/div>\n\n\n\n<ul class=\"wp-block-list\">\n<li><strong>Yulia<\/strong> <strong>Muhnetsian<\/strong> <img decoding=\"async\" class=\"wp-image-582\" style=\"\" src=\"https:\/\/www.vanner.pl\/pl\/wp-content\/uploads\/2022\/06\/flaga_ua.png\" alt=\"\"><img decoding=\"async\" class=\"wp-image-584\" style=\"\" src=\"https:\/\/www.vanner.pl\/pl\/wp-content\/uploads\/2022\/06\/flaga_ru.png\" alt=\"\"><img decoding=\"async\" class=\"wp-image-585\" style=\"\" src=\"https:\/\/www.vanner.pl\/pl\/wp-content\/uploads\/2022\/06\/flaga_pl.png\" alt=\"\"><\/li>\n\n\n\n<li><img decoding=\"async\" class=\"wp-image-420\" style=\"\" src=\"https:\/\/www.vanner.pl\/pl\/wp-content\/uploads\/2021\/05\/tel-yellow.png\" alt=\"\"><a href=\"tel:+48533928992\">+48&nbsp;533&nbsp;928&nbsp;992<\/a><\/li>\n\n\n\n<li><img decoding=\"async\" class=\"wp-image-421\" style=\"\" src=\"https:\/\/www.vanner.pl\/pl\/wp-content\/uploads\/2021\/05\/mail-yellow.png\" alt=\"\"><a href=\"mailto:robota2@vanner.pl\">robota2@vanner.pl<\/a><\/li>\n<\/ul>\n\n\n\n<figure class=\"wp-block-image size-full\"><a href=\"https:\/\/m.me\/work.vanner\"><img decoding=\"async\" src=\"https:\/\/www.vanner.pl\/pl\/wp-content\/uploads\/2022\/06\/messanger2.png\" alt=\"\" class=\"wp-image-594\"\/><\/a><\/figure>\n\n\n\n<figure class=\"wp-block-image size-full\"><a href=\"https:\/\/wa.me\/48533928992\"><img decoding=\"async\" src=\"https:\/\/www.vanner.pl\/pl\/wp-content\/uploads\/2022\/06\/whatsapp3.png\" alt=\"\" class=\"wp-image-595\"\/><\/a><\/figure>\n\n\n\n<figure class=\"wp-block-image size-full\"><a href=\"https:\/\/t.me\/juliavanner\"><img decoding=\"async\" src=\"https:\/\/www.vanner.pl\/pl\/wp-content\/uploads\/2022\/06\/telegram-l.png\" alt=\"\" class=\"wp-image-596\"\/><\/a><\/figure>\n\n\n\n<figure class=\"wp-block-image size-full\"><a href=\"viber:\/\/add?number=48533928992\"><img decoding=\"async\" src=\"https:\/\/www.vanner.pl\/pl\/wp-content\/uploads\/2022\/06\/viber3.png\" alt=\"\" class=\"wp-image-597\"\/><\/a><\/figure>\n<\/div><\/div>\n\n\n\n<div style=\"height:20px\" aria-hidden=\"true\" class=\"wp-block-spacer\"><\/div>\n\n\n\n<div class=\"wp-block-group alignwide copyfrom-kontakt-osoby has-gutenberg-bg-background-color has-background\"><div class=\"wp-block-group__inner-container is-layout-flow wp-block-group-is-layout-flow\">\n<h4 class=\"wp-block-heading\">DZIA\u0141 OPERACYJNY<\/h4>\n\n\n\n<div style=\"height:20px\" aria-hidden=\"true\" class=\"wp-block-spacer\"><\/div>\n\n\n\n<ul class=\"wp-block-list\">\n<li><strong>Piotr Wiechan<\/strong><\/li>\n\n\n\n<li><img decoding=\"async\" class=\"wp-image-420\" style=\"\" src=\"https:\/\/www.vanner.pl\/pl\/wp-content\/uploads\/2021\/05\/tel-yellow.png\" alt=\"\"><a href=\"tel:+48600118012\">+48 600&nbsp;118 012<\/a><\/li>\n\n\n\n<li><img decoding=\"async\" class=\"wp-image-421\" style=\"\" src=\"https:\/\/www.vanner.pl\/pl\/wp-content\/uploads\/2021\/05\/mail-yellow.png\" alt=\"\"><a href=\"mailto:p.wiechan@vanner.pl\">p.wiechan@vanner.pl<\/a><\/li>\n<\/ul>\n\n\n\n<div style=\"height:20px\" aria-hidden=\"true\" class=\"wp-block-spacer\"><\/div>\n\n\n\n<div style=\"height:20px\" aria-hidden=\"true\" class=\"wp-block-spacer\"><\/div>\n\n\n\n<h4 class=\"wp-block-heading\">DZIA\u0141 HANDLOWY<\/h4>\n\n\n\n<div style=\"height:20px\" aria-hidden=\"true\" class=\"wp-block-spacer\"><\/div>\n\n\n\n<ul class=\"wp-block-list\">\n<li><strong>Jakub Sabatowski<\/strong><\/li>\n\n\n\n<li><img decoding=\"async\" class=\"wp-image-420\" style=\"\" src=\"https:\/\/www.vanner.pl\/pl\/wp-content\/uploads\/2021\/05\/tel-yellow.png\" alt=\"\"><a href=\"tel:+48730050810\">+48 606 371 628<\/a><\/li>\n\n\n\n<li><img decoding=\"async\" class=\"wp-image-421\" style=\"\" src=\"https:\/\/www.vanner.pl\/pl\/wp-content\/uploads\/2021\/05\/mail-yellow.png\" alt=\"\"><a href=\"mailto:m.ciechomski@vanner.pl\">j.sabatowski@vanner.pl<\/a><\/li>\n<\/ul>\n\n\n\n<div style=\"height:20px\" aria-hidden=\"true\" class=\"wp-block-spacer\"><\/div>\n\n\n\n<div style=\"height:20px\" aria-hidden=\"true\" class=\"wp-block-spacer\"><\/div>\n\n\n\n<h4 class=\"wp-block-heading\">DYREKTOR REKRUTACJI<\/h4>\n\n\n\n<div style=\"height:20px\" aria-hidden=\"true\" class=\"wp-block-spacer\"><\/div>\n\n\n\n<ul class=\"wp-block-list\">\n<li><strong>Micha\u0142 Bodo<\/strong><\/li>\n\n\n\n<li><img decoding=\"async\" class=\"wp-image-420\" style=\"\" src=\"https:\/\/www.vanner.pl\/pl\/wp-content\/uploads\/2021\/05\/tel-yellow.png\" alt=\"\"><a href=\"tel:+48883301730\">+48 883&nbsp;301&nbsp;730<\/a><\/li>\n\n\n\n<li><img decoding=\"async\" class=\"wp-image-421\" style=\"\" src=\"https:\/\/www.vanner.pl\/pl\/wp-content\/uploads\/2021\/05\/mail-yellow.png\" alt=\"\"><a href=\"mailto:rekrutacjaUA@vanner.pl\">rekrutacjaUA@vanner.pl<\/a><\/li>\n<\/ul>\n<\/div><\/div>\n\n\n\n<p><\/p>\n","protected":false},"excerpt":{"rendered":"<p>NASI REKRUTERZY DZIA\u0141 OPERACYJNY DZIA\u0141 HANDLOWY DYREKTOR REKRUTACJI<\/p>\n","protected":false},"author":2,"featured_media":46,"parent":0,"menu_order":0,"comment_status":"closed","ping_status":"closed","template":"podstrona-kontakt.php","meta":{"footnotes":""},"class_list":["post-34","page","type-page","status-publish","has-post-thumbnail","hentry"],"yoast_head":"<!-- This site is optimized with the Yoast SEO plugin v27.5 - https:\/\/yoast.com\/product\/yoast-seo-wordpress\/ -->\n<title>Kontakt | Agencja pracy Vanner<\/title>\n<meta name=\"description\" content=\"Potrzebujesz pracownik\u00f3w lub szukasz pracy? Skontaktuj si\u0119 z biurem Vanner. Sprawd\u017a nasz numer telefonu, e-mail i adres. Zapraszamy do wsp\u00f3\u0142pracy!\" \/>\n<meta name=\"robots\" content=\"index, follow, max-snippet:-1, max-image-preview:large, max-video-preview:-1\" \/>\n<link rel=\"canonical\" href=\"https:\/\/www.vanner.pl\/pl\/kontakt\/\" \/>\n<meta property=\"og:locale\" content=\"pl_PL\" \/>\n<meta property=\"og:type\" content=\"article\" \/>\n<meta property=\"og:title\" content=\"Kontakt | Agencja pracy Vanner\" \/>\n<meta property=\"og:description\" content=\"Potrzebujesz pracownik\u00f3w lub szukasz pracy? Skontaktuj si\u0119 z biurem Vanner. Sprawd\u017a nasz numer telefonu, e-mail i adres. Zapraszamy do wsp\u00f3\u0142pracy!\" \/>\n<meta property=\"og:url\" content=\"https:\/\/www.vanner.pl\/pl\/kontakt\/\" \/>\n<meta property=\"og:site_name\" content=\"Vanner | Agencja pracy tymczasowej\" \/>\n<meta property=\"article:modified_time\" content=\"2026-01-13T09:23:15+00:00\" \/>\n<meta property=\"og:image\" content=\"https:\/\/www.vanner.pl\/pl\/wp-content\/uploads\/2021\/02\/slider-kontakt.jpg\" \/>\n\t<meta property=\"og:image:width\" content=\"1920\" \/>\n\t<meta property=\"og:image:height\" content=\"460\" \/>\n\t<meta property=\"og:image:type\" content=\"image\/jpeg\" \/>\n<meta name=\"twitter:card\" content=\"summary_large_image\" \/>\n<meta name=\"twitter:label1\" content=\"Szacowany czas czytania\" \/>\n\t<meta name=\"twitter:data1\" content=\"6 minut\" \/>\n<script type=\"application\/ld+json\" class=\"yoast-schema-graph\">{\"@context\":\"https:\\\/\\\/schema.org\",\"@graph\":[{\"@type\":\"WebPage\",\"@id\":\"https:\\\/\\\/www.vanner.pl\\\/pl\\\/kontakt\\\/\",\"url\":\"https:\\\/\\\/www.vanner.pl\\\/pl\\\/kontakt\\\/\",\"name\":\"Kontakt | Agencja pracy Vanner\",\"isPartOf\":{\"@id\":\"https:\\\/\\\/www.vanner.pl\\\/pl\\\/#website\"},\"primaryImageOfPage\":{\"@id\":\"https:\\\/\\\/www.vanner.pl\\\/pl\\\/kontakt\\\/#primaryimage\"},\"image\":{\"@id\":\"https:\\\/\\\/www.vanner.pl\\\/pl\\\/kontakt\\\/#primaryimage\"},\"thumbnailUrl\":\"https:\\\/\\\/www.vanner.pl\\\/pl\\\/wp-content\\\/uploads\\\/2021\\\/02\\\/slider-kontakt.jpg\",\"datePublished\":\"2021-02-15T08:49:13+00:00\",\"dateModified\":\"2026-01-13T09:23:15+00:00\",\"description\":\"Potrzebujesz pracownik\u00f3w lub szukasz pracy? Skontaktuj si\u0119 z biurem Vanner. Sprawd\u017a nasz numer telefonu, e-mail i adres. Zapraszamy do wsp\u00f3\u0142pracy!\",\"breadcrumb\":{\"@id\":\"https:\\\/\\\/www.vanner.pl\\\/pl\\\/kontakt\\\/#breadcrumb\"},\"inLanguage\":\"pl-PL\",\"potentialAction\":[{\"@type\":\"ReadAction\",\"target\":[\"https:\\\/\\\/www.vanner.pl\\\/pl\\\/kontakt\\\/\"]}]},{\"@type\":\"ImageObject\",\"inLanguage\":\"pl-PL\",\"@id\":\"https:\\\/\\\/www.vanner.pl\\\/pl\\\/kontakt\\\/#primaryimage\",\"url\":\"https:\\\/\\\/www.vanner.pl\\\/pl\\\/wp-content\\\/uploads\\\/2021\\\/02\\\/slider-kontakt.jpg\",\"contentUrl\":\"https:\\\/\\\/www.vanner.pl\\\/pl\\\/wp-content\\\/uploads\\\/2021\\\/02\\\/slider-kontakt.jpg\",\"width\":1920,\"height\":460,\"caption\":\"Portrait of successful entrepreneur, colleagues working in the background.\"},{\"@type\":\"BreadcrumbList\",\"@id\":\"https:\\\/\\\/www.vanner.pl\\\/pl\\\/kontakt\\\/#breadcrumb\",\"itemListElement\":[{\"@type\":\"ListItem\",\"position\":1,\"name\":\"Strona g\u0142\u00f3wna\",\"item\":\"https:\\\/\\\/www.vanner.pl\\\/pl\\\/\"},{\"@type\":\"ListItem\",\"position\":2,\"name\":\"Kontakt\"}]},{\"@type\":\"WebSite\",\"@id\":\"https:\\\/\\\/www.vanner.pl\\\/pl\\\/#website\",\"url\":\"https:\\\/\\\/www.vanner.pl\\\/pl\\\/\",\"name\":\"Vanner | Agencja pracy tymczasowej\",\"description\":\"Tw\u00f3j zaufany partner\",\"potentialAction\":[{\"@type\":\"SearchAction\",\"target\":{\"@type\":\"EntryPoint\",\"urlTemplate\":\"https:\\\/\\\/www.vanner.pl\\\/pl\\\/?s={search_term_string}\"},\"query-input\":{\"@type\":\"PropertyValueSpecification\",\"valueRequired\":true,\"valueName\":\"search_term_string\"}}],\"inLanguage\":\"pl-PL\"}]}<\/script>\n<!-- \/ Yoast SEO plugin. -->","yoast_head_json":{"title":"Kontakt | Agencja pracy Vanner","description":"Potrzebujesz pracownik\u00f3w lub szukasz pracy? Skontaktuj si\u0119 z biurem Vanner. Sprawd\u017a nasz numer telefonu, e-mail i adres. Zapraszamy do wsp\u00f3\u0142pracy!","robots":{"index":"index","follow":"follow","max-snippet":"max-snippet:-1","max-image-preview":"max-image-preview:large","max-video-preview":"max-video-preview:-1"},"canonical":"https:\/\/www.vanner.pl\/pl\/kontakt\/","og_locale":"pl_PL","og_type":"article","og_title":"Kontakt | Agencja pracy Vanner","og_description":"Potrzebujesz pracownik\u00f3w lub szukasz pracy? Skontaktuj si\u0119 z biurem Vanner. Sprawd\u017a nasz numer telefonu, e-mail i adres. Zapraszamy do wsp\u00f3\u0142pracy!","og_url":"https:\/\/www.vanner.pl\/pl\/kontakt\/","og_site_name":"Vanner | Agencja pracy tymczasowej","article_modified_time":"2026-01-13T09:23:15+00:00","og_image":[{"width":1920,"height":460,"url":"https:\/\/www.vanner.pl\/pl\/wp-content\/uploads\/2021\/02\/slider-kontakt.jpg","type":"image\/jpeg"}],"twitter_card":"summary_large_image","twitter_misc":{"Szacowany czas czytania":"6 minut"},"schema":{"@context":"https:\/\/schema.org","@graph":[{"@type":"WebPage","@id":"https:\/\/www.vanner.pl\/pl\/kontakt\/","url":"https:\/\/www.vanner.pl\/pl\/kontakt\/","name":"Kontakt | Agencja pracy Vanner","isPartOf":{"@id":"https:\/\/www.vanner.pl\/pl\/#website"},"primaryImageOfPage":{"@id":"https:\/\/www.vanner.pl\/pl\/kontakt\/#primaryimage"},"image":{"@id":"https:\/\/www.vanner.pl\/pl\/kontakt\/#primaryimage"},"thumbnailUrl":"https:\/\/www.vanner.pl\/pl\/wp-content\/uploads\/2021\/02\/slider-kontakt.jpg","datePublished":"2021-02-15T08:49:13+00:00","dateModified":"2026-01-13T09:23:15+00:00","description":"Potrzebujesz pracownik\u00f3w lub szukasz pracy? Skontaktuj si\u0119 z biurem Vanner. Sprawd\u017a nasz numer telefonu, e-mail i adres. Zapraszamy do wsp\u00f3\u0142pracy!","breadcrumb":{"@id":"https:\/\/www.vanner.pl\/pl\/kontakt\/#breadcrumb"},"inLanguage":"pl-PL","potentialAction":[{"@type":"ReadAction","target":["https:\/\/www.vanner.pl\/pl\/kontakt\/"]}]},{"@type":"ImageObject","inLanguage":"pl-PL","@id":"https:\/\/www.vanner.pl\/pl\/kontakt\/#primaryimage","url":"https:\/\/www.vanner.pl\/pl\/wp-content\/uploads\/2021\/02\/slider-kontakt.jpg","contentUrl":"https:\/\/www.vanner.pl\/pl\/wp-content\/uploads\/2021\/02\/slider-kontakt.jpg","width":1920,"height":460,"caption":"Portrait of successful entrepreneur, colleagues working in the background."},{"@type":"BreadcrumbList","@id":"https:\/\/www.vanner.pl\/pl\/kontakt\/#breadcrumb","itemListElement":[{"@type":"ListItem","position":1,"name":"Strona g\u0142\u00f3wna","item":"https:\/\/www.vanner.pl\/pl\/"},{"@type":"ListItem","position":2,"name":"Kontakt"}]},{"@type":"WebSite","@id":"https:\/\/www.vanner.pl\/pl\/#website","url":"https:\/\/www.vanner.pl\/pl\/","name":"Vanner | Agencja pracy tymczasowej","description":"Tw\u00f3j zaufany partner","potentialAction":[{"@type":"SearchAction","target":{"@type":"EntryPoint","urlTemplate":"https:\/\/www.vanner.pl\/pl\/?s={search_term_string}"},"query-input":{"@type":"PropertyValueSpecification","valueRequired":true,"valueName":"search_term_string"}}],"inLanguage":"pl-PL"}]}},"_links":{"self":[{"href":"https:\/\/www.vanner.pl\/pl\/wp-json\/wp\/v2\/pages\/34","targetHints":{"allow":["GET"]}}],"collection":[{"href":"https:\/\/www.vanner.pl\/pl\/wp-json\/wp\/v2\/pages"}],"about":[{"href":"https:\/\/www.vanner.pl\/pl\/wp-json\/wp\/v2\/types\/page"}],"author":[{"embeddable":true,"href":"https:\/\/www.vanner.pl\/pl\/wp-json\/wp\/v2\/users\/2"}],"replies":[{"embeddable":true,"href":"https:\/\/www.vanner.pl\/pl\/wp-json\/wp\/v2\/comments?post=34"}],"version-history":[{"count":14,"href":"https:\/\/www.vanner.pl\/pl\/wp-json\/wp\/v2\/pages\/34\/revisions"}],"predecessor-version":[{"id":953,"href":"https:\/\/www.vanner.pl\/pl\/wp-json\/wp\/v2\/pages\/34\/revisions\/953"}],"wp:featuredmedia":[{"embeddable":true,"href":"https:\/\/www.vanner.pl\/pl\/wp-json\/wp\/v2\/media\/46"}],"wp:attachment":[{"href":"https:\/\/www.vanner.pl\/pl\/wp-json\/wp\/v2\/media?parent=34"}],"curies":[{"name":"wp","href":"https:\/\/api.w.org\/{rel}","templated":true}]}}